{"id":143,"date":"2026-03-06T14:55:36","date_gmt":"2026-03-06T14:55:36","guid":{"rendered":"https:\/\/staging.sofiacarvalhodoula.com\/?page_id=143"},"modified":"2026-04-22T13:35:41","modified_gmt":"2026-04-22T13:35:41","slug":"a-tua-jornada-acompanhada-passo-a-passo","status":"publish","type":"page","link":"https:\/\/staging.sofiacarvalhodoula.com\/?page_id=143","title":{"rendered":"A tua jornada, acompanhada passo a passo"},"content":{"rendered":"\t\t<div data-elementor-type=\"wp-page\" data-elementor-id=\"143\" class=\"elementor elementor-143\">\n\t\t\t\t<div class=\"elementor-element elementor-element-3c87bc7 e-flex e-con-boxed wpr-particle-no wpr-sticky-section-no wpr-equal-height-no e-con e-parent\" data-id=\"3c87bc7\" data-element_type=\"container\" data-e-type=\"container\">\n\t\t\t\t\t<div class=\"e-con-inner\">\n\t\t\t\t<div class=\"elementor-element elementor-element-0e6e2c7 elementor-widget elementor-widget-text-editor\" data-id=\"0e6e2c7\" data-element_type=\"widget\" data-e-type=\"widget\" data-widget_type=\"text-editor.default\">\n\t\t\t\t\t\t\t\t\t<p>A jornada da maternidade faz-se passo a passo. O que sentes e precisas na gravidez \u00e9 muito diferente do colo de que vais precisar no p\u00f3s-parto. Por isso, desenhei o meu acompanhamento a pensar em cada uma destas fases, para te dar exatamente o que precisas, quando precisas. Descobre como te posso apoiar no momento em que te encontras hoje<\/p>\t\t\t\t\t\t\t\t<\/div>\n\t\t\t\t\t<\/div>\n\t\t\t\t<\/div>\n\t\t<div class=\"elementor-element elementor-element-2bb414f e-flex e-con-boxed wpr-particle-no wpr-sticky-section-no wpr-equal-height-no e-con e-parent\" data-id=\"2bb414f\" data-element_type=\"container\" data-e-type=\"container\" data-settings=\"{&quot;background_background&quot;:&quot;classic&quot;}\">\n\t\t\t\t\t<div class=\"e-con-inner\">\n\t\t<div class=\"elementor-element elementor-element-7cd1ab2 e-con-full e-flex wpr-particle-no wpr-sticky-section-no wpr-equal-height-no e-con e-child\" data-id=\"7cd1ab2\" data-element_type=\"container\" data-e-type=\"container\">\n\t\t\t\t<div class=\"elementor-element elementor-element-b757ec1 elementor-widget elementor-widget-heading\" data-id=\"b757ec1\" data-element_type=\"widget\" data-e-type=\"widget\" data-widget_type=\"heading.default\">\n\t\t\t\t\t<h2 class=\"elementor-heading-title elementor-size-default\">A caminhar na gravidez<\/h2>\t\t\t\t<\/div>\n\t\t\t\t<\/div>\n\t\t<div class=\"elementor-element elementor-element-20a9343 e-con-full e-flex wpr-particle-no wpr-sticky-section-no wpr-equal-height-no e-con e-child\" data-id=\"20a9343\" data-element_type=\"container\" data-e-type=\"container\">\n\t\t\t\t<div class=\"elementor-element elementor-element-695d6e9 elementor-widget elementor-widget-image\" data-id=\"695d6e9\" data-element_type=\"widget\" data-e-type=\"widget\" data-widget_type=\"image.default\">\n\t\t\t\t\t\t\t\t\t\t\t\t\t\t\t<img fetchpriority=\"high\" decoding=\"async\" width=\"768\" height=\"549\" src=\"https:\/\/staging.sofiacarvalhodoula.com\/wp-content\/uploads\/2026\/03\/imagens-site-gravidez-e1772809279974-768x549.jpg\" class=\"attachment-medium_large size-medium_large wp-image-191\" alt=\"\" srcset=\"https:\/\/staging.sofiacarvalhodoula.com\/wp-content\/uploads\/2026\/03\/imagens-site-gravidez-e1772809279974-768x549.jpg 768w, https:\/\/staging.sofiacarvalhodoula.com\/wp-content\/uploads\/2026\/03\/imagens-site-gravidez-e1772809279974-300x214.jpg 300w, https:\/\/staging.sofiacarvalhodoula.com\/wp-content\/uploads\/2026\/03\/imagens-site-gravidez-e1772809279974-1024x732.jpg 1024w, https:\/\/staging.sofiacarvalhodoula.com\/wp-content\/uploads\/2026\/03\/imagens-site-gravidez-e1772809279974.jpg 1080w\" sizes=\"(max-width: 768px) 100vw, 768px\" \/>\t\t\t\t\t\t\t\t\t\t\t\t\t\t\t<\/div>\n\t\t\t\t<\/div>\n\t\t<div class=\"elementor-element elementor-element-03d4096 e-con-full e-flex wpr-particle-no wpr-sticky-section-no wpr-equal-height-no e-con e-child\" data-id=\"03d4096\" data-element_type=\"container\" data-e-type=\"container\">\n\t\t\t\t<div class=\"elementor-element elementor-element-2c48d5c elementor-widget elementor-widget-text-editor\" data-id=\"2c48d5c\" data-element_type=\"widget\" data-e-type=\"widget\" data-widget_type=\"text-editor.default\">\n\t\t\t\t\t\t\t\t\t<p data-path-to-node=\"10\">Nesta fase, o meu foco \u00e9 dar-te conhecimento baseado em evid\u00eancia para que possas decidir com confian\u00e7a. Aqui podes contar com:<\/p><ul><li data-path-to-node=\"11,0,0\"><strong>Acompanhamento de Doula<\/strong><\/li><li data-path-to-node=\"11,1,0\"><strong>Prepara\u00e7\u00e3o para a Amamenta\u00e7\u00e3o<\/strong><\/li><li data-path-to-node=\"11,2,0\"><strong>Consultoria de Fraldas Reutiliz\u00e1veis<\/strong><\/li><li data-path-to-node=\"11,3,0\"><strong>Ritual de Convite ao Beb\u00e9<\/strong><\/li><\/ul>\t\t\t\t\t\t\t\t<\/div>\n\t\t\t\t<\/div>\n\t\t<div class=\"elementor-element elementor-element-0c0205a e-con-full e-flex wpr-particle-no wpr-sticky-section-no wpr-equal-height-no e-con e-child\" data-id=\"0c0205a\" data-element_type=\"container\" data-e-type=\"container\">\n\t\t\t\t<div class=\"elementor-element elementor-element-f6553a6 elementor-align-center elementor-widget elementor-widget-button\" data-id=\"f6553a6\" data-element_type=\"widget\" data-e-type=\"widget\" data-widget_type=\"button.default\">\n\t\t\t\t\t\t\t\t\t\t<a class=\"elementor-button elementor-button-link elementor-size-sm\" href=\"#\">\n\t\t\t\t\t\t<span class=\"elementor-button-content-wrapper\">\n\t\t\t\t\t\t\t\t\t<span class=\"elementor-button-text\">Quero conhecer mais<\/span>\n\t\t\t\t\t<\/span>\n\t\t\t\t\t<\/a>\n\t\t\t\t\t\t\t\t<\/div>\n\t\t\t\t<\/div>\n\t\t\t\t\t<\/div>\n\t\t\t\t<\/div>\n\t\t<div class=\"elementor-element elementor-element-3971bc0 e-flex e-con-boxed wpr-particle-no wpr-sticky-section-no wpr-equal-height-no e-con e-parent\" data-id=\"3971bc0\" data-element_type=\"container\" data-e-type=\"container\">\n\t\t\t\t\t<div class=\"e-con-inner\">\n\t\t\t\t<div class=\"elementor-element elementor-element-bcc92e2 elementor-widget elementor-widget-spacer\" data-id=\"bcc92e2\" data-element_type=\"widget\" data-e-type=\"widget\" data-widget_type=\"spacer.default\">\n\t\t\t\t\t\t\t<div class=\"elementor-spacer\">\n\t\t\t<div class=\"elementor-spacer-inner\"><\/div>\n\t\t<\/div>\n\t\t\t\t\t\t<\/div>\n\t\t\t\t\t<\/div>\n\t\t\t\t<\/div>\n\t\t<div class=\"elementor-element elementor-element-5451b6a e-flex e-con-boxed wpr-particle-no wpr-sticky-section-no wpr-equal-height-no e-con e-parent\" data-id=\"5451b6a\" data-element_type=\"container\" data-e-type=\"container\" data-settings=\"{&quot;background_background&quot;:&quot;classic&quot;}\">\n\t\t\t\t\t<div class=\"e-con-inner\">\n\t\t<div class=\"elementor-element elementor-element-3bf019b e-con-full e-flex wpr-particle-no wpr-sticky-section-no wpr-equal-height-no e-con e-child\" data-id=\"3bf019b\" data-element_type=\"container\" data-e-type=\"container\">\n\t\t\t\t<div class=\"elementor-element elementor-element-e2192ff elementor-widget elementor-widget-heading\" data-id=\"e2192ff\" data-element_type=\"widget\" data-e-type=\"widget\" data-widget_type=\"heading.default\">\n\t\t\t\t\t<h2 class=\"elementor-heading-title elementor-size-default\">A entrega no parto<\/h2>\t\t\t\t<\/div>\n\t\t\t\t<\/div>\n\t\t<div class=\"elementor-element elementor-element-d9cbd7e e-con-full e-flex wpr-particle-no wpr-sticky-section-no wpr-equal-height-no e-con e-child\" data-id=\"d9cbd7e\" data-element_type=\"container\" data-e-type=\"container\">\n\t\t\t\t<div class=\"elementor-element elementor-element-54c3b84 elementor-widget elementor-widget-spacer\" data-id=\"54c3b84\" data-element_type=\"widget\" data-e-type=\"widget\" data-widget_type=\"spacer.default\">\n\t\t\t\t\t\t\t<div class=\"elementor-spacer\">\n\t\t\t<div class=\"elementor-spacer-inner\"><\/div>\n\t\t<\/div>\n\t\t\t\t\t\t<\/div>\n\t\t\t\t<div class=\"elementor-element elementor-element-fdc4fe6 elementor-widget elementor-widget-image\" data-id=\"fdc4fe6\" data-element_type=\"widget\" data-e-type=\"widget\" data-widget_type=\"image.default\">\n\t\t\t\t\t\t\t\t\t\t\t\t\t\t\t<img decoding=\"async\" width=\"768\" height=\"533\" src=\"https:\/\/staging.sofiacarvalhodoula.com\/wp-content\/uploads\/2026\/03\/imagem-parto-scaled-e1772809315600-768x533.png\" class=\"attachment-medium_large size-medium_large wp-image-192\" alt=\"\" srcset=\"https:\/\/staging.sofiacarvalhodoula.com\/wp-content\/uploads\/2026\/03\/imagem-parto-scaled-e1772809315600-768x533.png 768w, https:\/\/staging.sofiacarvalhodoula.com\/wp-content\/uploads\/2026\/03\/imagem-parto-scaled-e1772809315600-300x208.png 300w, https:\/\/staging.sofiacarvalhodoula.com\/wp-content\/uploads\/2026\/03\/imagem-parto-scaled-e1772809315600-1024x711.png 1024w, https:\/\/staging.sofiacarvalhodoula.com\/wp-content\/uploads\/2026\/03\/imagem-parto-scaled-e1772809315600-1536x1066.png 1536w, https:\/\/staging.sofiacarvalhodoula.com\/wp-content\/uploads\/2026\/03\/imagem-parto-scaled-e1772809315600.png 2010w\" sizes=\"(max-width: 768px) 100vw, 768px\" \/>\t\t\t\t\t\t\t\t\t\t\t\t\t\t\t<\/div>\n\t\t\t\t<\/div>\n\t\t<div class=\"elementor-element elementor-element-0d015e2 e-con-full e-flex wpr-particle-no wpr-sticky-section-no wpr-equal-height-no e-con e-child\" data-id=\"0d015e2\" data-element_type=\"container\" data-e-type=\"container\">\n\t\t\t\t<div class=\"elementor-element elementor-element-f23129b elementor-widget elementor-widget-text-editor\" data-id=\"f23129b\" data-element_type=\"widget\" data-e-type=\"widget\" data-widget_type=\"text-editor.default\">\n\t\t\t\t\t\t\t\t\t<p data-path-to-node=\"13\">\u00a0O momento de conheceres o teu beb\u00e9 exige um espa\u00e7o seguro e protegido. Quer seja no hospital ou no conforto do teu lar, garanto-te:<\/p><ul><li data-path-to-node=\"14,0,0\"><b data-path-to-node=\"14,0,0\" data-index-in-node=\"0\">Acompanhamento Cont\u00ednuo:<\/b> Presen\u00e7a em partos hospitalares e domiciliares.<\/li><li data-path-to-node=\"14,1,0\"><b data-path-to-node=\"14,1,0\" data-index-in-node=\"0\">Exclusividade (On-call):<\/b> Disponibilidade total 24h\/dia, das 37 \u00e0s 42 semanas.<\/li><li data-path-to-node=\"14,2,0\"><b data-path-to-node=\"14,2,0\" data-index-in-node=\"0\">Apoio ao Casal:<\/b> Orienta\u00e7\u00e3o para que o teu acompanhante seja o teu melhor suporte.<\/li><\/ul>\t\t\t\t\t\t\t\t<\/div>\n\t\t\t\t<\/div>\n\t\t<div class=\"elementor-element elementor-element-a477607 e-con-full e-flex wpr-particle-no wpr-sticky-section-no wpr-equal-height-no e-con e-child\" data-id=\"a477607\" data-element_type=\"container\" data-e-type=\"container\">\n\t\t\t\t<div class=\"elementor-element elementor-element-d9fc1d5 elementor-align-center elementor-widget elementor-widget-button\" data-id=\"d9fc1d5\" data-element_type=\"widget\" data-e-type=\"widget\" data-widget_type=\"button.default\">\n\t\t\t\t\t\t\t\t\t\t<a class=\"elementor-button elementor-button-link elementor-size-sm\" href=\"#\">\n\t\t\t\t\t\t<span class=\"elementor-button-content-wrapper\">\n\t\t\t\t\t\t\t\t\t<span class=\"elementor-button-text\">Quero conhecer mais<\/span>\n\t\t\t\t\t<\/span>\n\t\t\t\t\t<\/a>\n\t\t\t\t\t\t\t\t<\/div>\n\t\t\t\t<\/div>\n\t\t\t\t\t<\/div>\n\t\t\t\t<\/div>\n\t\t<div class=\"elementor-element elementor-element-c8817d6 e-flex e-con-boxed wpr-particle-no wpr-sticky-section-no wpr-equal-height-no e-con e-parent\" data-id=\"c8817d6\" data-element_type=\"container\" data-e-type=\"container\">\n\t\t\t\t\t<div class=\"e-con-inner\">\n\t\t\t\t<div class=\"elementor-element elementor-element-7189a2b elementor-widget elementor-widget-spacer\" data-id=\"7189a2b\" data-element_type=\"widget\" data-e-type=\"widget\" data-widget_type=\"spacer.default\">\n\t\t\t\t\t\t\t<div class=\"elementor-spacer\">\n\t\t\t<div class=\"elementor-spacer-inner\"><\/div>\n\t\t<\/div>\n\t\t\t\t\t\t<\/div>\n\t\t\t\t\t<\/div>\n\t\t\t\t<\/div>\n\t\t<div class=\"elementor-element elementor-element-d38c6db e-flex e-con-boxed wpr-particle-no wpr-sticky-section-no wpr-equal-height-no e-con e-parent\" data-id=\"d38c6db\" data-element_type=\"container\" data-e-type=\"container\" data-settings=\"{&quot;background_background&quot;:&quot;classic&quot;}\">\n\t\t\t\t\t<div class=\"e-con-inner\">\n\t\t<div class=\"elementor-element elementor-element-ce86a46 e-con-full e-flex wpr-particle-no wpr-sticky-section-no wpr-equal-height-no e-con e-child\" data-id=\"ce86a46\" data-element_type=\"container\" data-e-type=\"container\">\n\t\t\t\t<div class=\"elementor-element elementor-element-405a087 elementor-widget elementor-widget-heading\" data-id=\"405a087\" data-element_type=\"widget\" data-e-type=\"widget\" data-widget_type=\"heading.default\">\n\t\t\t\t\t<h2 class=\"elementor-heading-title elementor-size-default\">O Renascer no P\u00f3s-Parto<\/h2>\t\t\t\t<\/div>\n\t\t\t\t<\/div>\n\t\t<div class=\"elementor-element elementor-element-f1d58ef e-con-full e-flex wpr-particle-no wpr-sticky-section-no wpr-equal-height-no e-con e-child\" data-id=\"f1d58ef\" data-element_type=\"container\" data-e-type=\"container\">\n\t\t\t\t<div class=\"elementor-element elementor-element-d2634c4 elementor-widget elementor-widget-spacer\" data-id=\"d2634c4\" data-element_type=\"widget\" data-e-type=\"widget\" data-widget_type=\"spacer.default\">\n\t\t\t\t\t\t\t<div class=\"elementor-spacer\">\n\t\t\t<div class=\"elementor-spacer-inner\"><\/div>\n\t\t<\/div>\n\t\t\t\t\t\t<\/div>\n\t\t\t\t<div class=\"elementor-element elementor-element-26521c7 elementor-widget elementor-widget-image\" data-id=\"26521c7\" data-element_type=\"widget\" data-e-type=\"widget\" data-widget_type=\"image.default\">\n\t\t\t\t\t\t\t\t\t\t\t\t\t\t\t<img decoding=\"async\" width=\"768\" height=\"544\" src=\"https:\/\/staging.sofiacarvalhodoula.com\/wp-content\/uploads\/2026\/03\/imagem-pos-parto-scaled-e1772809349666-768x544.png\" class=\"attachment-medium_large size-medium_large wp-image-193\" alt=\"\" srcset=\"https:\/\/staging.sofiacarvalhodoula.com\/wp-content\/uploads\/2026\/03\/imagem-pos-parto-scaled-e1772809349666-768x544.png 768w, https:\/\/staging.sofiacarvalhodoula.com\/wp-content\/uploads\/2026\/03\/imagem-pos-parto-scaled-e1772809349666-300x212.png 300w, https:\/\/staging.sofiacarvalhodoula.com\/wp-content\/uploads\/2026\/03\/imagem-pos-parto-scaled-e1772809349666-1024x725.png 1024w, https:\/\/staging.sofiacarvalhodoula.com\/wp-content\/uploads\/2026\/03\/imagem-pos-parto-scaled-e1772809349666-1536x1088.png 1536w, https:\/\/staging.sofiacarvalhodoula.com\/wp-content\/uploads\/2026\/03\/imagem-pos-parto-scaled-e1772809349666.png 1970w\" sizes=\"(max-width: 768px) 100vw, 768px\" \/>\t\t\t\t\t\t\t\t\t\t\t\t\t\t\t<\/div>\n\t\t\t\t<\/div>\n\t\t<div class=\"elementor-element elementor-element-1a57027 e-con-full e-flex wpr-particle-no wpr-sticky-section-no wpr-equal-height-no e-con e-child\" data-id=\"1a57027\" data-element_type=\"container\" data-e-type=\"container\">\n\t\t\t\t<div class=\"elementor-element elementor-element-9137bef elementor-widget elementor-widget-text-editor\" data-id=\"9137bef\" data-element_type=\"widget\" data-e-type=\"widget\" data-widget_type=\"text-editor.default\">\n\t\t\t\t\t\t\t\t\t<p data-path-to-node=\"16\">O regresso a casa \u00e9 intenso. O meu papel aqui \u00e9 cuidar de ti, para que tu possas cuidar do teu beb\u00e9. As minhas ferramentas para esta fase incluem:<\/p><ul data-path-to-node=\"17\"><li><p data-path-to-node=\"17,0,0\"><b data-path-to-node=\"17,0,0\" data-index-in-node=\"0\">Sess\u00f5es de Doula de P\u00f3s-Parto<\/b><\/p><\/li><li><p data-path-to-node=\"17,1,0\"><b data-path-to-node=\"17,1,0\" data-index-in-node=\"0\">Apoio \u00e0 Amamenta\u00e7\u00e3o e Regresso ao Trabalho<\/b><\/p><\/li><li><p data-path-to-node=\"17,2,0\"><b data-path-to-node=\"17,2,0\" data-index-in-node=\"0\">Corpo e Alma:<\/b> Massagens de relaxamento e o profundo Ritual de Fecho de Ossos.<\/p><\/li><\/ul>\t\t\t\t\t\t\t\t<\/div>\n\t\t\t\t<\/div>\n\t\t<div class=\"elementor-element elementor-element-84a58bb e-con-full e-flex wpr-particle-no wpr-sticky-section-no wpr-equal-height-no e-con e-child\" data-id=\"84a58bb\" data-element_type=\"container\" data-e-type=\"container\">\n\t\t\t\t<div class=\"elementor-element elementor-element-e7de341 elementor-align-center elementor-widget elementor-widget-button\" data-id=\"e7de341\" data-element_type=\"widget\" data-e-type=\"widget\" data-widget_type=\"button.default\">\n\t\t\t\t\t\t\t\t\t\t<a class=\"elementor-button elementor-button-link elementor-size-sm\" href=\"#\">\n\t\t\t\t\t\t<span class=\"elementor-button-content-wrapper\">\n\t\t\t\t\t\t\t\t\t<span class=\"elementor-button-text\">Quero conhecer mais<\/span>\n\t\t\t\t\t<\/span>\n\t\t\t\t\t<\/a>\n\t\t\t\t\t\t\t\t<\/div>\n\t\t\t\t<\/div>\n\t\t\t\t\t<\/div>\n\t\t\t\t<\/div>\n\t\t<div class=\"elementor-element elementor-element-367b9a9 e-flex e-con-boxed wpr-particle-no wpr-sticky-section-no wpr-equal-height-no e-con e-parent\" data-id=\"367b9a9\" data-element_type=\"container\" data-e-type=\"container\">\n\t\t\t\t\t<div class=\"e-con-inner\">\n\t\t\t\t<div class=\"elementor-element elementor-element-965a029 elementor-widget elementor-widget-spacer\" data-id=\"965a029\" data-element_type=\"widget\" data-e-type=\"widget\" data-widget_type=\"spacer.default\">\n\t\t\t\t\t\t\t<div class=\"elementor-spacer\">\n\t\t\t<div class=\"elementor-spacer-inner\"><\/div>\n\t\t<\/div>\n\t\t\t\t\t\t<\/div>\n\t\t\t\t\t<\/div>\n\t\t\t\t<\/div>\n\t\t<div class=\"elementor-element elementor-element-6c185a1 e-flex e-con-boxed wpr-particle-no wpr-sticky-section-no wpr-equal-height-no e-con e-parent\" data-id=\"6c185a1\" data-element_type=\"container\" data-e-type=\"container\">\n\t\t\t\t\t<div class=\"e-con-inner\">\n\t\t\t\t<div class=\"elementor-element elementor-element-1e50575 elementor-widget elementor-widget-heading\" data-id=\"1e50575\" data-element_type=\"widget\" data-e-type=\"widget\" data-widget_type=\"heading.default\">\n\t\t\t\t\t<h2 class=\"elementor-heading-title elementor-size-default\">Vamos desenhar o teu apoio?<\/h2>\t\t\t\t<\/div>\n\t\t\t\t\t<\/div>\n\t\t\t\t<\/div>\n\t\t<div class=\"elementor-element elementor-element-69bdc87 e-flex e-con-boxed wpr-particle-no wpr-sticky-section-no wpr-equal-height-no e-con e-parent\" data-id=\"69bdc87\" data-element_type=\"container\" data-e-type=\"container\">\n\t\t\t\t\t<div class=\"e-con-inner\">\n\t\t\t\t<div class=\"elementor-element elementor-element-cc14ed4 elementor-widget elementor-widget-text-editor\" data-id=\"cc14ed4\" data-element_type=\"widget\" data-e-type=\"widget\" data-widget_type=\"text-editor.default\">\n\t\t\t\t\t\t\t\t\t<p>Se ficaste com d\u00favidas sobre algum dos servi\u00e7os ou n\u00e3o tens a certeza de qual se adapta a ti, escreve-me. Conta-me um pouco sobre a tua fase atual e entrarei em contacto contigo muito em breve.<\/p>\t\t\t\t\t\t\t\t<\/div>\n\t\t\t\t\t<\/div>\n\t\t\t\t<\/div>\n\t\t<div class=\"elementor-element elementor-element-4a77189 e-flex e-con-boxed wpr-particle-no wpr-sticky-section-no wpr-equal-height-no e-con e-parent\" data-id=\"4a77189\" data-element_type=\"container\" data-e-type=\"container\">\n\t\t\t\t\t<div class=\"e-con-inner\">\n\t\t\t\t<div class=\"elementor-element elementor-element-5a68ab0 elementor-align-center elementor-widget elementor-widget-button\" data-id=\"5a68ab0\" data-element_type=\"widget\" data-e-type=\"widget\" data-widget_type=\"button.default\">\n\t\t\t\t\t\t\t\t\t\t<a class=\"elementor-button elementor-button-link elementor-size-sm\" href=\"#\">\n\t\t\t\t\t\t<span class=\"elementor-button-content-wrapper\">\n\t\t\t\t\t\t\t\t\t<span class=\"elementor-button-text\">Contata-me<\/span>\n\t\t\t\t\t<\/span>\n\t\t\t\t\t<\/a>\n\t\t\t\t\t\t\t\t<\/div>\n\t\t\t\t\t<\/div>\n\t\t\t\t<\/div>\n\t\t\t\t<\/div>\n\t\t","protected":false},"excerpt":{"rendered":"<p>A jornada da maternidade faz-se passo a passo. O que sentes e precisas na gravidez \u00e9 muito diferente do colo de que vais precisar no p\u00f3s-parto. Por isso, desenhei o meu acompanhamento a pensar em cada uma destas fases, para te dar exatamente o que precisas, quando precisas. Descobre como te posso apoiar no momento em que te encontras hoje A caminhar na gravidez Nesta fase, o meu foco \u00e9 dar-te conhecimento baseado em evid\u00eancia para que possas decidir com confian\u00e7a. Aqui podes contar com: Acompanhamento de Doula Prepara\u00e7\u00e3o para a Amamenta\u00e7\u00e3o Consultoria de Fraldas Reutiliz\u00e1veis Ritual de Convite ao Beb\u00e9 Quero conhecer mais A entrega no parto \u00a0O momento de conheceres o teu beb\u00e9 exige um espa\u00e7o seguro e protegido. Quer seja no hospital ou no conforto do teu lar, garanto-te: Acompanhamento Cont\u00ednuo: Presen\u00e7a em partos hospitalares e domiciliares. Exclusividade (On-call): Disponibilidade total 24h\/dia, das 37 \u00e0s 42 semanas. Apoio ao Casal: Orienta\u00e7\u00e3o para que o teu acompanhante seja o teu melhor suporte. Quero conhecer mais O Renascer no P\u00f3s-Parto O regresso a casa \u00e9 intenso. O meu papel aqui \u00e9 cuidar de ti, para que tu possas cuidar do teu beb\u00e9. As minhas ferramentas para esta fase incluem: Sess\u00f5es de Doula de P\u00f3s-Parto Apoio \u00e0 Amamenta\u00e7\u00e3o e Regresso ao Trabalho Corpo e Alma: Massagens de relaxamento e o profundo Ritual de Fecho de Ossos. Quero conhecer mais Vamos desenhar o teu apoio? Se ficaste com d\u00favidas sobre algum dos servi\u00e7os ou n\u00e3o tens a certeza de qual se adapta a ti, escreve-me. Conta-me um pouco sobre a tua fase atual e entrarei em contacto contigo muito em breve. Contata-me<\/p>\n","protected":false},"author":1,"featured_media":0,"parent":0,"menu_order":0,"comment_status":"closed","ping_status":"closed","template":"","meta":{"footnotes":""},"class_list":["post-143","page","type-page","status-publish","hentry"],"_links":{"self":[{"href":"https:\/\/staging.sofiacarvalhodoula.com\/index.php?rest_route=\/wp\/v2\/pages\/143","targetHints":{"allow":["GET"]}}],"collection":[{"href":"https:\/\/staging.sofiacarvalhodoula.com\/index.php?rest_route=\/wp\/v2\/pages"}],"about":[{"href":"https:\/\/staging.sofiacarvalhodoula.com\/index.php?rest_route=\/wp\/v2\/types\/page"}],"author":[{"embeddable":true,"href":"https:\/\/staging.sofiacarvalhodoula.com\/index.php?rest_route=\/wp\/v2\/users\/1"}],"replies":[{"embeddable":true,"href":"https:\/\/staging.sofiacarvalhodoula.com\/index.php?rest_route=%2Fwp%2Fv2%2Fcomments&post=143"}],"version-history":[{"count":12,"href":"https:\/\/staging.sofiacarvalhodoula.com\/index.php?rest_route=\/wp\/v2\/pages\/143\/revisions"}],"predecessor-version":[{"id":215,"href":"https:\/\/staging.sofiacarvalhodoula.com\/index.php?rest_route=\/wp\/v2\/pages\/143\/revisions\/215"}],"wp:attachment":[{"href":"https:\/\/staging.sofiacarvalhodoula.com\/index.php?rest_route=%2Fwp%2Fv2%2Fmedia&parent=143"}],"curies":[{"name":"wp","href":"https:\/\/api.w.org\/{rel}","templated":true}]}}